{"id":50835,"date":"2023-12-20T16:47:29","date_gmt":"2023-12-20T16:47:29","guid":{"rendered":"https:\/\/inicio.phil-lab.ca\/?page_id=50835"},"modified":"2024-02-13T19:17:50","modified_gmt":"2024-02-13T19:17:50","slug":"politique-de-cookies","status":"publish","type":"page","link":"https:\/\/www.centreinicio.ca\/fr\/politique-de-cookies\/","title":{"rendered":"Politique de cookies"},"content":{"rendered":"\t\t<div data-elementor-type=\"wp-page\" data-elementor-id=\"50835\" class=\"elementor elementor-50835 elementor-50073\" data-elementor-post-type=\"page\">\n\t\t\t\t<div class=\"elementor-element elementor-element-1091daa e-con-full e-flex wpr-particle-no wpr-jarallax-no wpr-parallax-no wpr-sticky-section-no e-con e-parent\" data-id=\"1091daa\" data-element_type=\"container\" data-e-type=\"container\" data-settings=\"{&quot;background_background&quot;:&quot;classic&quot;}\">\n\t\t<div class=\"elementor-element elementor-element-7b1f7e4 e-con-full e-flex wpr-particle-no wpr-jarallax-no wpr-parallax-no wpr-sticky-section-no e-con e-child\" data-id=\"7b1f7e4\" data-element_type=\"container\" data-e-type=\"container\">\n\t\t\t\t<div class=\"elementor-element elementor-element-09af6ec animated-slow elementor-invisible elementor-widget elementor-widget-image\" data-id=\"09af6ec\" data-element_type=\"widget\" data-e-type=\"widget\" data-settings=\"{&quot;_animation&quot;:&quot;fadeIn&quot;,&quot;_animation_delay&quot;:200}\" data-widget_type=\"image.default\">\n\t\t\t\t<div class=\"elementor-widget-container\">\n\t\t\t\t\t\t\t\t\t\t\t\t\t\t\t<img fetchpriority=\"high\" decoding=\"async\" width=\"262\" height=\"313\" src=\"https:\/\/www.centreinicio.ca\/wp-content\/uploads\/header_icon_bg.png\" class=\"attachment-full size-full wp-image-49248\" alt=\"\" srcset=\"https:\/\/www.centreinicio.ca\/wp-content\/uploads\/header_icon_bg.png 262w, https:\/\/www.centreinicio.ca\/wp-content\/uploads\/header_icon_bg-251x300.png 251w\" sizes=\"(max-width: 262px) 100vw, 262px\" \/>\t\t\t\t\t\t\t\t\t\t\t\t\t\t\t<\/div>\n\t\t\t\t<\/div>\n\t\t\t\t<\/div>\n\t\t\t\t<\/div>\n\t\t<div class=\"elementor-element elementor-element-6b1b518 e-flex e-con-boxed wpr-particle-no wpr-jarallax-no wpr-parallax-no wpr-sticky-section-no e-con e-parent\" data-id=\"6b1b518\" data-element_type=\"container\" data-e-type=\"container\">\n\t\t\t\t\t<div class=\"e-con-inner\">\n\t\t\t\t<div class=\"elementor-element elementor-element-b592267 animated-slow elementor-invisible elementor-widget elementor-widget-heading\" data-id=\"b592267\" data-element_type=\"widget\" data-e-type=\"widget\" data-settings=\"{&quot;_animation&quot;:&quot;fadeIn&quot;,&quot;_animation_delay&quot;:400}\" data-widget_type=\"heading.default\">\n\t\t\t\t<div class=\"elementor-widget-container\">\n\t\t\t\t\t<h2 class=\"elementor-heading-title elementor-size-default\">Politique de cookies<\/h2>\t\t\t\t<\/div>\n\t\t\t\t<\/div>\n\t\t\t\t\t<\/div>\n\t\t\t\t<\/div>\n\t\t<div class=\"elementor-element elementor-element-066f838 e-flex e-con-boxed wpr-particle-no wpr-jarallax-no wpr-parallax-no wpr-sticky-section-no e-con e-parent\" data-id=\"066f838\" data-element_type=\"container\" data-e-type=\"container\">\n\t\t\t\t\t<div class=\"e-con-inner\">\n\t\t<div class=\"elementor-element elementor-element-4e934eb e-flex e-con-boxed wpr-particle-no wpr-jarallax-no wpr-parallax-no wpr-sticky-section-no e-con e-child\" data-id=\"4e934eb\" data-element_type=\"container\" data-e-type=\"container\">\n\t\t\t\t\t<div class=\"e-con-inner\">\n\t\t\t\t<div class=\"elementor-element elementor-element-7dc2a06 elementor-widget elementor-widget-text-editor\" data-id=\"7dc2a06\" data-element_type=\"widget\" data-e-type=\"widget\" data-widget_type=\"text-editor.default\">\n\t\t\t\t<div class=\"elementor-widget-container\">\n\t\t\t\t\t\t\t\t\t<p><span style=\"text-decoration: underline;\"><span style=\"font-weight: 400;\">AVERTISSEMENT SUR L\u2019UTILISATION DES T\u00c9MOINS<\/span><\/span><\/p><p><span style=\"font-weight: 400;\">Inicio ne fait aucun suivi publicitaire et ne sollicite aucune donn\u00e9e personnelle. Des t\u00e9moins (cookies) sont utilis\u00e9s \u00e0 des fins statistiques ou de fonctionnement et d\u2019analyse nous permettant d\u2019am\u00e9liorer notre site. Vous pouvez refuser ces t\u00e9moins.<\/span><\/p><p><span style=\"text-decoration: underline;\"><span style=\"font-weight: 400;\">Autoriser et fermer<\/span><\/span><span style=\"font-weight: 400;\">\u00a0 \u00a0 \u00a0 \u00a0 \u00a0 <\/span> <span style=\"text-decoration: underline;\"><span style=\"font-weight: 400;\">Refuser<\/span><\/span><span style=\"font-weight: 400;\">\u00a0 \u00a0 \u00a0 <\/span> <span style=\"text-decoration: underline;\"><span style=\"font-weight: 400;\">Plus d\u2019information <\/span><\/span><span style=\"font-weight: 400;\">\u00a0\u00a0\u00a0\u00a0\u00a0\u00a0\u00a0\u00a0\u00a0\u00a0<\/span><\/p><p><span style=\"font-weight: 400;\">\u00a0<\/span><\/p><p><b>Personnaliser les pr\u00e9f\u00e9rences en mati\u00e8re de consentement<\/b><\/p><p><span style=\"font-weight: 400;\">Afin de rendre ses services plus performants, d\u2019am\u00e9liorer l\u2019exp\u00e9rience utilisateur et la mani\u00e8re dont les contenus vous sont pr\u00e9sent\u00e9s, nous analysons la fa\u00e7on dont <\/span><a href=\"https:\/\/www.centreinicio.ca\/\"><span style=\"font-weight: 400;\">https:\/\/www.centreinicio.ca\/<\/span><\/a><span style=\"font-weight: 400;\"> est utilis\u00e9 gr\u00e2ce \u00e0 des t\u00e9moins.<\/span><\/p><p><b>Qu\u2019est-ce qu\u2019un t\u00e9moin?<\/b><\/p><p><span style=\"font-weight: 400;\">Un t\u00e9moin est un fichier texte stock\u00e9 par votre navigateur lors de votre visite. Il permet de vous reconna\u00eetre \u00e0 chaque visite, de vous garder connect\u00e9\u00b7e, et de vous faire profiter de toutes les fonctionnalit\u00e9s du site.<\/span><\/p><p><span style=\"font-weight: 400;\">Les t\u00e9moins ne contiennent que quelques caract\u00e8res de texte non nominatifs stock\u00e9s dans votre navigateur, et ne sont pas des fichiers ex\u00e9cutables : ils ne peuvent pas h\u00e9berger de logiciels malveillants ni de virus.<\/span><\/p><p><span style=\"font-weight: 400;\">De plus, Inicio n\u2019affiche aucune publicit\u00e9, et ne proc\u00e8de \u00e0 aucun suivi publicitaire, de la part d\u2019un tiers ou d\u2019un r\u00e9seau social.<\/span><\/p><p><span style=\"font-weight: 400;\">Nous utilisons des t\u00e9moins uniquement dans le but d\u2019am\u00e9liorer l\u2019exp\u00e9rience utilisateur et la mani\u00e8re dont les contenus vous sont pr\u00e9sent\u00e9s, en analysant la mani\u00e8re dont vous utilisez notre site de page en page, et ce gr\u00e2ce \u00e0 deux solutions :<\/span><\/p><p><b>Google Analytics<\/b><\/p><p><span style=\"font-weight: 400;\">Cookies utilis\u00e9s sur https:\/\/www.centreinicio.ca\/<\/span><\/p><p><span style=\"font-weight: 400;\">Pour Google Analytics<\/span><\/p><p><span style=\"font-weight: 400;\">L\u2019application Google Analytics utilise un marqueur sp\u00e9cial qui se pr\u00e9sente sous la forme d\u2019un code JavaScript. Celui-ci est ajout\u00e9 \u00e0 chacune des pages web de notre site.<\/span><\/p><p><span style=\"font-weight: 400;\">Vous pouvez d\u00e9sactiver le suivi de Matomo en d\u00e9cochant l\u2019option ci-dessous (ou <\/span><a href=\"https:\/\/matomo.apps.paris.fr\/matomo\/index.php?module=CoreAdminHome&amp;action=optOut\"><span style=\"font-weight: 400;\">ici<\/span><\/a><span style=\"font-weight: 400;\"> si le cadre n\u2019appara\u00eet pas) :<\/span><\/p><p><b>G\u00e9rer les t\u00e9moins dans mon navigateur<\/b><\/p><p><span style=\"font-weight: 400;\">Quel que soit votre navigateur, vous pouvez y param\u00e9trer l\u2019utilisation des t\u00e9moins, les supprimer ou les refuser tous par d\u00e9faut.<\/span><\/p><p><b>T\u00e9moins n\u00e9cessaires<\/b><\/p><p><span style=\"font-weight: 400;\">Les t\u00e9moins n\u00e9cessaires sont cruciaux pour les fonctions de base du site web et celui-ci ne fonctionnera pas comme pr\u00e9vu sans eux. Ces t\u00e9moins ne stockent aucune donn\u00e9e personnelle identifiable.<\/span><\/p><p><b>T\u00e9moins fonctionnels<\/b><\/p><p><span style=\"font-weight: 400;\">Les t\u00e9moins fonctionnels permettent d\u2019ex\u00e9cuter certaines fonctionnalit\u00e9s telles que le partage du contenu du site web sur des plateformes de m\u00e9dias sociaux, la collecte de commentaires et d\u2019autres fonctionnalit\u00e9s tierces.<\/span><\/p><p><b>T\u00e9moins analytiques<\/b><\/p><p><span style=\"font-weight: 400;\">Les t\u00e9moins analytiques sont utilis\u00e9s pour comprendre comment les visiteurs interagissent avec le site web. Ces t\u00e9moins aident \u00e0 fournir des informations sur le nombre de visiteurs, le taux de rebond, la source de trafic, etc.<\/span><\/p><p><b>T\u00e9moins de performance<\/b><\/p><p><span style=\"font-weight: 400;\">Les t\u00e9moins de performance sont utilis\u00e9s pour comprendre et analyser les indices de performance cl\u00e9s du site web, ce qui permet de fournir une meilleure exp\u00e9rience utilisateur aux visiteurs.<\/span><\/p><p><span style=\"font-weight: 400;\">T\u00e9moins publicitaires<\/span><\/p><p><span style=\"font-weight: 400;\">Les t\u00e9moins publicitaires sont utilis\u00e9s pour fournir aux visiteurs des publicit\u00e9s personnalis\u00e9es bas\u00e9es sur les pages visit\u00e9es pr\u00e9c\u00e9demment et pour analyser l\u2019efficacit\u00e9 de la campagne publicitaire.<\/span><\/p>\t\t\t\t\t\t\t\t<\/div>\n\t\t\t\t<\/div>\n\t\t\t\t\t<\/div>\n\t\t\t\t<\/div>\n\t\t\t\t\t<\/div>\n\t\t\t\t<\/div>\n\t\t\t\t<\/div>\n\t\t","protected":false},"excerpt":{"rendered":"<p>Politique de cookies AVERTISSEMENT SUR L\u2019UTILISATION DES T\u00c9MOINS Inicio ne fait aucun suivi publicitaire et ne sollicite aucune donn\u00e9e personnelle. Des t\u00e9moins (cookies) sont utilis\u00e9s \u00e0 des fins statistiques ou de fonctionnement et d\u2019analyse nous permettant d\u2019am\u00e9liorer notre site. Vous pouvez refuser ces t\u00e9moins. Autoriser et fermer\u00a0 \u00a0 \u00a0 \u00a0 \u00a0 Refuser\u00a0 \u00a0 \u00a0 Plus d\u2019information \u00a0\u00a0\u00a0\u00a0\u00a0\u00a0\u00a0\u00a0\u00a0\u00a0 \u00a0 Personnaliser les pr\u00e9f\u00e9rences en mati\u00e8re de consentement Afin de rendre ses services plus performants, d\u2019am\u00e9liorer l\u2019exp\u00e9rience utilisateur et la mani\u00e8re dont les contenus vous sont pr\u00e9sent\u00e9s, nous analysons la fa\u00e7on dont https:\/\/www.centreinicio.ca\/ est utilis\u00e9 gr\u00e2ce \u00e0 des t\u00e9moins. Qu\u2019est-ce qu\u2019un t\u00e9moin? Un t\u00e9moin est un fichier texte stock\u00e9 par votre navigateur lors de votre visite. Il permet de vous reconna\u00eetre \u00e0 chaque visite, de vous garder connect\u00e9\u00b7e, et de vous faire profiter de toutes les fonctionnalit\u00e9s du site. Les t\u00e9moins ne contiennent que quelques caract\u00e8res de texte non nominatifs stock\u00e9s dans votre navigateur, et ne sont pas des fichiers ex\u00e9cutables : ils ne peuvent pas h\u00e9berger de logiciels malveillants ni de virus. De plus, Inicio n\u2019affiche aucune publicit\u00e9, et ne proc\u00e8de \u00e0 aucun suivi publicitaire, de la part d\u2019un tiers ou d\u2019un r\u00e9seau social. Nous utilisons des t\u00e9moins uniquement dans le but d\u2019am\u00e9liorer l\u2019exp\u00e9rience utilisateur et la mani\u00e8re dont les contenus vous sont pr\u00e9sent\u00e9s, en analysant la mani\u00e8re dont vous utilisez notre site de page en page, et ce gr\u00e2ce \u00e0 deux solutions : Google Analytics Cookies utilis\u00e9s sur https:\/\/www.centreinicio.ca\/ Pour Google Analytics L\u2019application Google Analytics utilise un marqueur sp\u00e9cial qui se pr\u00e9sente sous la forme d\u2019un code JavaScript. Celui-ci est ajout\u00e9 \u00e0 chacune des pages web de notre site. Vous pouvez d\u00e9sactiver le suivi de Matomo en d\u00e9cochant l\u2019option ci-dessous (ou ici si le cadre n\u2019appara\u00eet pas) : G\u00e9rer les t\u00e9moins dans mon navigateur Quel que soit votre navigateur, vous pouvez y param\u00e9trer l\u2019utilisation des t\u00e9moins, les supprimer ou les refuser tous par d\u00e9faut. T\u00e9moins n\u00e9cessaires Les t\u00e9moins n\u00e9cessaires sont cruciaux pour les fonctions de base du site web et celui-ci ne fonctionnera pas comme pr\u00e9vu sans eux. Ces t\u00e9moins ne stockent aucune donn\u00e9e personnelle identifiable. T\u00e9moins fonctionnels Les t\u00e9moins fonctionnels permettent d\u2019ex\u00e9cuter certaines fonctionnalit\u00e9s telles que le partage du contenu du site web sur des plateformes de m\u00e9dias sociaux, la collecte de commentaires et d\u2019autres fonctionnalit\u00e9s tierces. T\u00e9moins analytiques Les t\u00e9moins analytiques sont utilis\u00e9s pour comprendre comment les visiteurs interagissent avec le site web. Ces t\u00e9moins aident \u00e0 fournir des informations sur le nombre de visiteurs, le taux de rebond, la source de trafic, etc. T\u00e9moins de performance Les t\u00e9moins de performance sont utilis\u00e9s pour comprendre et analyser les indices de performance cl\u00e9s du site web, ce qui permet de fournir une meilleure exp\u00e9rience utilisateur aux visiteurs. T\u00e9moins publicitaires Les t\u00e9moins publicitaires sont utilis\u00e9s pour fournir aux visiteurs des publicit\u00e9s personnalis\u00e9es bas\u00e9es sur les pages visit\u00e9es pr\u00e9c\u00e9demment et pour analyser l\u2019efficacit\u00e9 de la campagne publicitaire.<\/p>\n","protected":false},"author":11,"featured_media":0,"parent":0,"menu_order":0,"comment_status":"closed","ping_status":"closed","template":"","meta":{"om_disable_all_campaigns":false,"_monsterinsights_skip_tracking":false,"_monsterinsights_sitenote_active":false,"_monsterinsights_sitenote_note":"","_monsterinsights_sitenote_category":0,"footnotes":""},"class_list":["post-50835","page","type-page","status-publish","hentry"],"aioseo_notices":[],"_links":{"self":[{"href":"https:\/\/www.centreinicio.ca\/fr\/wp-json\/wp\/v2\/pages\/50835","targetHints":{"allow":["GET"]}}],"collection":[{"href":"https:\/\/www.centreinicio.ca\/fr\/wp-json\/wp\/v2\/pages"}],"about":[{"href":"https:\/\/www.centreinicio.ca\/fr\/wp-json\/wp\/v2\/types\/page"}],"author":[{"embeddable":true,"href":"https:\/\/www.centreinicio.ca\/fr\/wp-json\/wp\/v2\/users\/11"}],"replies":[{"embeddable":true,"href":"https:\/\/www.centreinicio.ca\/fr\/wp-json\/wp\/v2\/comments?post=50835"}],"version-history":[{"count":4,"href":"https:\/\/www.centreinicio.ca\/fr\/wp-json\/wp\/v2\/pages\/50835\/revisions"}],"predecessor-version":[{"id":50851,"href":"https:\/\/www.centreinicio.ca\/fr\/wp-json\/wp\/v2\/pages\/50835\/revisions\/50851"}],"wp:attachment":[{"href":"https:\/\/www.centreinicio.ca\/fr\/wp-json\/wp\/v2\/media?parent=50835"}],"curies":[{"name":"wp","href":"https:\/\/api.w.org\/{rel}","templated":true}]}}